{"id":1205,"date":"2024-10-22T15:50:11","date_gmt":"2024-10-22T15:50:11","guid":{"rendered":"https:\/\/unikon.wprealizer.com\/?page_id=1205"},"modified":"2025-10-11T18:43:35","modified_gmt":"2025-10-11T18:43:35","slug":"home-5","status":"publish","type":"page","link":"https:\/\/agruza.com.mx\/","title":{"rendered":"Home 5"},"content":{"rendered":"\t\t<div data-elementor-type=\"wp-page\" data-elementor-id=\"1205\" class=\"elementor elementor-1205\">\n\t\t\t\t<div class=\"elementor-element elementor-element-3a63781 e-flex e-con-boxed e-con e-parent\" data-id=\"3a63781\" data-element_type=\"container\" data-settings=\"{&quot;background_background&quot;:&quot;classic&quot;}\">\n\t\t\t\t\t<div class=\"e-con-inner\">\n\t\t<div class=\"elementor-element elementor-element-674f719 e-con-full e-flex e-con e-child\" data-id=\"674f719\" data-element_type=\"container\">\n\t\t<div class=\"elementor-element elementor-element-bf066a3 e-con-full e-flex e-con e-child\" data-id=\"bf066a3\" data-element_type=\"container\">\n\t\t\t\t<div class=\"elementor-element elementor-element-f675df9 elementor-widget elementor-widget-wpr-heading\" data-id=\"f675df9\" data-element_type=\"widget\" data-settings=\"{&quot;tp_anima_type&quot;:&quot;fadeInUp&quot;}\" data-widget_type=\"wpr-heading.default\">\n\t\t\t\t<div class=\"elementor-widget-container\">\n\t\t\t\t\t\n\t\t\n\t\t\t<div class=\"wpr-el-section wpr-align-box section__header-v2 wow fadeInUp\" data-wow-duration=\"1.5s\" data-wow-delay=\"0.2s\">\n\n\t\t\t\t\n\t\t\t\t<h2 class=\"h3 section__title wpr-el-title\">Somos...<\/h2>\n\t\t\t\t\t\t\t\t\t<p class=\"wpr-el-content \">Operadores enfocados en el almacenamiento, mantenimiento y limpieza de frijol y otros granos y semillas\nuna empresa l\u00edder en el ramo de los servicios a los que nos dedicamos\n<\/p>\n\t\t\t\t\n\t\t\t<\/div>\n\n\n\t\t\t\t\t\t<\/div>\n\t\t\t\t<\/div>\n\t\t\t\t<div class=\"elementor-element elementor-element-431594f elementor-widget elementor-widget-wpr-theme-button\" data-id=\"431594f\" data-element_type=\"widget\" data-settings=\"{&quot;tp_anima_type&quot;:&quot;fadeInUp&quot;}\" data-widget_type=\"wpr-theme-button.default\">\n\t\t\t\t<div class=\"elementor-widget-container\">\n\t\t\t\t\t\n\t\t\n\t\t\t\t\t\t\t<div class=\"wpr-btn-wrapper wow fadeInUp\" data-wow-duration=\"1.5s\" data-wow-delay=\"0.4s\">\n\t\t\t\t\t<a href=\"https:\/\/agruza.com.mx\/index.php\/contact-us\/\" target=\"_self\" rel=\"nofollow\" class=\"wpr-el-theme-btn common-btn__variation4 inline tp-el-btn\">\n\n\t\t\t\t\t\t\n\t\t\t\t\t\t\t\t\t\t\t\t\t<span class=\"theme-btn-text\">Conoce M\u00e1s<\/span>\n\t\t\t\t\t\t\n\t\t\t\t\t\t\t\t\t\t\t\t\t    \n                    <span class=\"tp-theme_btn-icon theme-btn-icon on-right\">\n                <i aria-hidden=\"true\" class=\"fal fa-arrow-right\"><\/i>            <\/span>\n        \n    \t\t\t\t\t\t\t\t\t\t\t<\/a>\n\n\t\t\t\t<\/div>\n\t\t\t\n\t\t\n\t\t\t\t<\/div>\n\t\t\t\t<\/div>\n\t\t\t\t<\/div>\n\t\t\t\t<\/div>\n\t\t<div class=\"elementor-element elementor-element-6f507c6 e-con-full e-flex e-con e-child\" data-id=\"6f507c6\" data-element_type=\"container\">\n\t\t\t\t<\/div>\n\t\t\t\t\t<\/div>\n\t\t\t\t<\/div>\n\t\t<div class=\"elementor-element elementor-element-68c7cf1 e-flex e-con-boxed e-con e-parent\" data-id=\"68c7cf1\" data-element_type=\"container\">\n\t\t\t\t\t<div class=\"e-con-inner\">\n\t\t<div class=\"elementor-element elementor-element-c6461a8 e-con-full e-flex e-con e-child\" data-id=\"c6461a8\" data-element_type=\"container\">\n\t\t\t\t<div class=\"elementor-element elementor-element-f8a7948 elementor-widget elementor-widget-wpr-heading\" data-id=\"f8a7948\" data-element_type=\"widget\" data-settings=\"{&quot;tp_anima_type&quot;:&quot;fadeInUp&quot;}\" data-widget_type=\"wpr-heading.default\">\n\t\t\t\t<div class=\"elementor-widget-container\">\n\t\t\t\t\t\n\t\t\n\t\t\t<div class=\"wpr-el-section wpr-align-box section__header-v2 wow fadeInUp\" data-wow-duration=\"1.5s\" data-wow-delay=\"0.3s\">\n\n\t\t\t\t\n\t\t\t\t<h2 class=\"h3 section__title wpr-el-title\"><b> Somos una empresa mexicana comprometida con el campo agr\u00edcola y el agro desarrollo<\/h2>\n\t\t\t\t\n\t\t\t<\/div>\n\n\n\t\t\t\t\t\t<\/div>\n\t\t\t\t<\/div>\n\t\t\t\t<\/div>\n\t\t<div class=\"elementor-element elementor-element-779dabb e-con-full e-flex e-con e-child\" data-id=\"779dabb\" data-element_type=\"container\">\n\t\t<div class=\"elementor-element elementor-element-7a23db5 e-con-full e-flex e-con e-child\" data-id=\"7a23db5\" data-element_type=\"container\">\n\t\t\t\t<div class=\"elementor-element elementor-element-23fd070 elementor-invisible elementor-widget elementor-widget-image\" data-id=\"23fd070\" data-element_type=\"widget\" data-settings=\"{&quot;_animation&quot;:&quot;fadeIn&quot;,&quot;_animation_delay&quot;:300}\" data-widget_type=\"image.default\">\n\t\t\t\t\t\t\t\t\t\t\t\t\t\t\t<img fetchpriority=\"high\" decoding=\"async\" width=\"1280\" height=\"720\" src=\"https:\/\/agruza.com.mx\/wp-content\/uploads\/2025\/09\/agruza-bg.jpg\" class=\"attachment-full size-full wp-image-7082\" alt=\"\" \/>\t\t\t\t\t\t\t\t\t\t\t\t\t\t\t<\/div>\n\t\t\t\t<\/div>\n\t\t<div class=\"elementor-element elementor-element-67bbb50 e-con-full e-flex e-con e-child\" data-id=\"67bbb50\" data-element_type=\"container\">\n\t\t\t\t<div class=\"elementor-element elementor-element-3d4d025 elementor-widget elementor-widget-wpr-heading\" data-id=\"3d4d025\" data-element_type=\"widget\" data-settings=\"{&quot;tp_anima_type&quot;:&quot;fadeInUp&quot;}\" data-widget_type=\"wpr-heading.default\">\n\t\t\t\t<div class=\"elementor-widget-container\">\n\t\t\t\t\t\n\t\t\n\t\t\t<div class=\"wpr-el-section wpr-align-box section__header-v2 wow fadeInUp\" data-wow-duration=\"1.5s\" data-wow-delay=\"0.3s\">\n\n\t\t\t\t\n\t\t\t\t<h2 class=\"h3 section__title wpr-el-title\"><b> Agruza<\/h2>\n\t\t\t\t\t\t\t\t\t<p class=\"wpr-el-content \">Ofrecemos buenos costos, claridad, transparencia y enfoque de resultados. <br>\nSomos una empresa l\u00edder en el ramo de beneficio de granos con objetivos muy claros y precisos.<\/p>\n\t\t\t\t\n\t\t\t<\/div>\n\n\n\t\t\t\t\t\t<\/div>\n\t\t\t\t<\/div>\n\t\t<div class=\"elementor-element elementor-element-09bd274 e-con-full e-flex elementor-invisible e-con e-child\" data-id=\"09bd274\" data-element_type=\"container\" data-settings=\"{&quot;animation&quot;:&quot;fadeInUp&quot;,&quot;animation_delay&quot;:400}\">\n\t\t\t\t<div class=\"elementor-element elementor-element-3f152af elementor-widget elementor-widget-wpr-heading\" data-id=\"3f152af\" data-element_type=\"widget\" data-widget_type=\"wpr-heading.default\">\n\t\t\t\t<div class=\"elementor-widget-container\">\n\t\t\t\t\t\n\t\t\n\t\t\t<div class=\"wpr-el-section wpr-align-box section__header-v2 \"  >\n\n\t\t\t\t\n\t\t\t\t<h2 class=\"h3 section__title wpr-el-title\"><b> Buscamos: <\/h2>\n\t\t\t\t\n\t\t\t<\/div>\n\n\n\t\t\t\t\t\t<\/div>\n\t\t\t\t<\/div>\n\t\t\t\t<div class=\"elementor-element elementor-element-b593726 elementor-icon-list--layout-traditional elementor-list-item-link-full_width elementor-widget elementor-widget-icon-list\" data-id=\"b593726\" data-element_type=\"widget\" data-widget_type=\"icon-list.default\">\n\t\t\t\t\t\t\t<ul class=\"elementor-icon-list-items\">\n\t\t\t\t\t\t\t<li class=\"elementor-icon-list-item\">\n\t\t\t\t\t\t\t\t\t\t<span class=\"elementor-icon-list-text\">\u2022\tDar valor agregado al producto del cliente<\/span>\n\t\t\t\t\t\t\t\t\t<\/li>\n\t\t\t\t\t\t\t\t<li class=\"elementor-icon-list-item\">\n\t\t\t\t\t\t\t\t\t\t<span class=\"elementor-icon-list-text\">\u2022\tFomentar la competitividad de la producci\u00f3n agropecuaria a nivel nacional e internacional<\/span>\n\t\t\t\t\t\t\t\t\t<\/li>\n\t\t\t\t\t\t\t\t<li class=\"elementor-icon-list-item\">\n\t\t\t\t\t\t\t\t\t\t<span class=\"elementor-icon-list-text\">\u2022\tProveer en el servicio de empacado y envasado de granos inocuos, sanos y de alta calidad<\/span>\n\t\t\t\t\t\t\t\t\t<\/li>\n\t\t\t\t\t\t\t\t<li class=\"elementor-icon-list-item\">\n\t\t\t\t\t\t\t\t\t\t<span class=\"elementor-icon-list-text\">\u2022\tFortalecer las relaciones empresa \u2013 clientes<\/span>\n\t\t\t\t\t\t\t\t\t<\/li>\n\t\t\t\t\t\t<\/ul>\n\t\t\t\t\t\t<\/div>\n\t\t\t\t<\/div>\n\t\t\t\t<div class=\"elementor-element elementor-element-201f2e3 elementor-widget elementor-widget-wpr-theme-button\" data-id=\"201f2e3\" data-element_type=\"widget\" data-settings=\"{&quot;tp_button_align&quot;:&quot;center&quot;,&quot;tp_anima_type&quot;:&quot;fadeInUp&quot;}\" data-widget_type=\"wpr-theme-button.default\">\n\t\t\t\t<div class=\"elementor-widget-container\">\n\t\t\t\t\t\n\t\t\n\t\t\t\t\t\t\t<div class=\"wpr-btn-wrapper wow fadeInUp\" data-wow-duration=\"1.5s\" data-wow-delay=\"0.5s\">\n\t\t\t\t\t<a href=\"https:\/\/agruza.com.mx\/index.php\/servicios\/\" target=\"_self\" rel=\"nofollow\" class=\"common-btn__variation4 common-btn__variation4--extend inline tp-el-btn\">\n\n\t\t\t\t\t\t\n\t\t\t\t\t\t\t\t\t\t\t\t\t<span class=\"theme-btn-text\">Conoce nuestros servicios<\/span>\n\t\t\t\t\t\t\n\t\t\t\t\t\t\t\t\t\t\t\t\t    \n                    <span class=\"tp-theme_btn-icon theme-btn-icon on-right\">\n                <i aria-hidden=\"true\" class=\"fal fa-arrow-right\"><\/i>            <\/span>\n        \n    \t\t\t\t\t\t\t\t\t\t\t<\/a>\n\n\t\t\t\t<\/div>\n\t\t\t\n\t\t\n\t\t\t\t<\/div>\n\t\t\t\t<\/div>\n\t\t\t\t<\/div>\n\t\t\t\t<\/div>\n\t\t\t\t\t<\/div>\n\t\t\t\t<\/div>\n\t\t\t\t<\/div>\n\t\t","protected":false},"excerpt":{"rendered":"<p>Somos&#8230; Operadores enfocados en el almacenamiento, mantenimiento y limpieza de frijol y otros granos y semillas una empresa l\u00edder en el ramo de los servicios a los que nos dedicamos Conoce M\u00e1s Somos una empresa mexicana comprometida con el campo agr\u00edcola y el agro desarrollo Agruza Ofrecemos buenos costos, claridad, transparencia y enfoque de resultados. [&hellip;]<\/p>\n","protected":false},"author":1,"featured_media":0,"parent":0,"menu_order":0,"comment_status":"closed","ping_status":"closed","template":"elementor_header_footer","meta":{"_acf_changed":false,"footnotes":""},"class_list":["post-1205","page","type-page","status-publish","hentry"],"acf":[],"_links":{"self":[{"href":"https:\/\/agruza.com.mx\/index.php\/wp-json\/wp\/v2\/pages\/1205","targetHints":{"allow":["GET"]}}],"collection":[{"href":"https:\/\/agruza.com.mx\/index.php\/wp-json\/wp\/v2\/pages"}],"about":[{"href":"https:\/\/agruza.com.mx\/index.php\/wp-json\/wp\/v2\/types\/page"}],"author":[{"embeddable":true,"href":"https:\/\/agruza.com.mx\/index.php\/wp-json\/wp\/v2\/users\/1"}],"replies":[{"embeddable":true,"href":"https:\/\/agruza.com.mx\/index.php\/wp-json\/wp\/v2\/comments?post=1205"}],"version-history":[{"count":100,"href":"https:\/\/agruza.com.mx\/index.php\/wp-json\/wp\/v2\/pages\/1205\/revisions"}],"predecessor-version":[{"id":7487,"href":"https:\/\/agruza.com.mx\/index.php\/wp-json\/wp\/v2\/pages\/1205\/revisions\/7487"}],"wp:attachment":[{"href":"https:\/\/agruza.com.mx\/index.php\/wp-json\/wp\/v2\/media?parent=1205"}],"curies":[{"name":"wp","href":"https:\/\/api.w.org\/{rel}","templated":true}]}}