{"id":4310,"date":"2024-11-04T09:40:16","date_gmt":"2024-11-04T09:40:16","guid":{"rendered":"https:\/\/unikon.wprealizer.com\/?page_id=4310"},"modified":"2026-02-27T03:48:37","modified_gmt":"2026-02-27T03:48:37","slug":"contacto","status":"publish","type":"page","link":"https:\/\/agruza.com.mx\/index.php\/contacto\/","title":{"rendered":"Contacto"},"content":{"rendered":"\t\t<div data-elementor-type=\"wp-page\" data-elementor-id=\"4310\" class=\"elementor elementor-4310\">\n\t\t\t\t<div class=\"elementor-element elementor-element-a5d9407 e-flex e-con-boxed e-con e-parent\" data-id=\"a5d9407\" data-element_type=\"container\" data-settings=\"{&quot;background_background&quot;:&quot;classic&quot;}\">\n\t\t\t\t\t<div class=\"e-con-inner\">\n\t\t<div class=\"elementor-element elementor-element-4e2cb8a e-con-full e-flex e-con e-child\" data-id=\"4e2cb8a\" data-element_type=\"container\">\n\t\t\t\t<div class=\"elementor-element elementor-element-4c986b4 elementor-widget elementor-widget-wpr-heading\" data-id=\"4c986b4\" data-element_type=\"widget\" data-settings=\"{&quot;tp_anima_type&quot;:&quot;fadeInUp&quot;}\" data-widget_type=\"wpr-heading.default\">\n\t\t\t\t<div class=\"elementor-widget-container\">\n\t\t\t\t\t\n\t\t\n\n\t\t\t<div class=\"wpr-el-section wpr-align-box section-header wow fadeInUp\" data-wow-duration=\"1.5s\" data-wow-delay=\"0.3s\">\n\n\t\t\t\t\n\t\t\t\t<h2 class=\"h2 section__header-title-v11 wpr-el-title\">Cont\u00e1ctanos<\/h2>\n\t\t\t\t\n\t\t\t<\/div>\n\n\n\n\t\t\t\t<\/div>\n\t\t\t\t<\/div>\n\t\t\t\t<\/div>\n\t\t<div class=\"elementor-element elementor-element-89ac691 e-con-full e-flex e-con e-child\" data-id=\"89ac691\" data-element_type=\"container\">\n\t\t<div class=\"elementor-element elementor-element-17b6a80 e-con-full e-flex elementor-invisible e-con e-child\" data-id=\"17b6a80\" data-element_type=\"container\" data-settings=\"{&quot;background_background&quot;:&quot;classic&quot;,&quot;animation&quot;:&quot;fadeInUp&quot;,&quot;animation_delay&quot;:200}\">\n\t\t\t\t<div class=\"elementor-element elementor-element-3e2457b elementor-view-default elementor-position-top elementor-mobile-position-top elementor-widget elementor-widget-icon-box\" data-id=\"3e2457b\" data-element_type=\"widget\" data-widget_type=\"icon-box.default\">\n\t\t\t\t\t\t\t<div class=\"elementor-icon-box-wrapper\">\n\n\t\t\t\t\t\t<div class=\"elementor-icon-box-icon\">\n\t\t\t\t<a href=\"http:\/\/info@agruza.com\" class=\"elementor-icon\" tabindex=\"-1\" aria-label=\"Correo Electr\u00f3nico\">\n\t\t\t\t<svg xmlns=\"http:\/\/www.w3.org\/2000\/svg\" width=\"48\" height=\"48\" viewBox=\"0 0 48 48\" fill=\"none\"><rect x=\"0.5\" y=\"0.5\" width=\"47\" height=\"47\" rx=\"11.5\" stroke=\"#0F0F0F\" stroke-opacity=\"0.16\"><\/rect><g clip-path=\"url(#clip0_1526_504)\"><path d=\"M14.7676 30.719C13.9657 30.719 13.1822 30.5144 12.4721 30.1156C12.1068 29.9275 11.9653 29.4568 12.1835 29.1027C12.9087 27.9439 13.1705 26.5275 12.8385 25.1954C12.4944 23.8144 11.9965 22.6513 12 21.1894C12.0124 16.0603 16.2815 11.9022 21.4053 12.0017C26.3543 12.1014 30.433 16.2617 30.433 21.212C30.4331 27.6771 23.6575 32.2162 17.6759 29.7197C16.8514 30.3668 15.8151 30.719 14.7676 30.719ZM13.7931 29.1405C14.9199 29.4905 16.1872 29.2109 17.0561 28.3709C17.2702 28.1638 17.5905 28.1117 17.8591 28.2402C22.9802 30.6887 29.0073 26.8509 29.0073 21.212C29.0073 17.0041 25.5841 13.5119 21.3766 13.4272C17.0406 13.341 13.4362 16.8528 13.4257 21.1928C13.4223 22.5814 13.9641 23.6912 14.2602 25.0065C14.5721 26.3928 14.4078 27.8586 13.7931 29.1405Z\" fill=\"#0F0F0F\"><\/path><path d=\"M33.2323 35.9998C32.1849 35.9998 31.1486 35.6475 30.3242 35.0004C27.1431 36.3281 23.3591 35.7235 20.7508 33.471C20.4529 33.2136 20.42 32.7635 20.6772 32.4655C20.9346 32.1676 21.3847 32.1345 21.6827 32.3919C23.996 34.3897 27.3839 34.8391 30.1409 33.521C30.4095 33.3925 30.7297 33.4446 30.9439 33.6517C31.8128 34.4916 33.0801 34.7714 34.2069 34.4213C33.4818 32.9089 33.3813 31.1762 33.9432 29.5722C33.9483 29.5577 33.9538 29.5435 33.9598 29.5294C34.3701 28.562 34.5769 27.5338 34.5744 26.4736C34.5698 24.6042 33.948 22.875 32.7759 21.4728C32.5235 21.1706 32.5637 20.7211 32.8658 20.4687C33.1678 20.2161 33.6174 20.2564 33.8699 20.5585C35.2383 22.1957 35.9948 24.2951 36.0001 26.4701C36.0031 27.7159 35.7614 28.9249 35.2817 30.064C34.7778 31.5226 35.0096 33.0843 35.8164 34.3833C36.0349 34.7375 35.8933 35.2082 35.5278 35.3965C34.8179 35.795 34.0342 35.9997 33.2323 35.9998Z\" fill=\"#0F0F0F\"><\/path><path d=\"M21.2178 22.3739C21.8408 22.3739 22.3458 21.8692 22.3458 21.2465C22.3458 20.6239 21.8408 20.1191 21.2178 20.1191C20.5949 20.1191 20.0898 20.6239 20.0898 21.2465C20.0898 21.8692 20.5949 22.3739 21.2178 22.3739Z\" fill=\"#0F0F0F\"><\/path><path d=\"M17.0616 22.3739C17.6845 22.3739 18.1895 21.8692 18.1895 21.2465C18.1895 20.6239 17.6845 20.1191 17.0616 20.1191C16.4386 20.1191 15.9336 20.6239 15.9336 21.2465C15.9336 21.8692 16.4386 22.3739 17.0616 22.3739Z\" fill=\"#0F0F0F\"><\/path><path d=\"M25.3721 22.3739C25.9951 22.3739 26.5001 21.8692 26.5001 21.2465C26.5001 20.6239 25.9951 20.1191 25.3721 20.1191C24.7492 20.1191 24.2441 20.6239 24.2441 21.2465C24.2441 21.8692 24.7492 22.3739 25.3721 22.3739Z\" fill=\"#0F0F0F\"><\/path><\/g><defs><clipPath id=\"clip0_1526_504\"><rect width=\"24\" height=\"24\" fill=\"white\" transform=\"translate(12 12)\"><\/rect><\/clipPath><\/defs><\/svg>\t\t\t\t<\/a>\n\t\t\t<\/div>\n\t\t\t\n\t\t\t\t\t\t<div class=\"elementor-icon-box-content\">\n\n\t\t\t\t\t\t\t\t\t<h3 class=\"elementor-icon-box-title\">\n\t\t\t\t\t\t<a href=\"http:\/\/info@agruza.com\" >\n\t\t\t\t\t\t\tCorreo Electr\u00f3nico\t\t\t\t\t\t<\/a>\n\t\t\t\t\t<\/h3>\n\t\t\t\t\n\t\t\t\t\t\t\t\t\t<p class=\"elementor-icon-box-description\">\n\t\t\t\t\t\tinfo@agruza.com\t\t\t\t\t<\/p>\n\t\t\t\t\n\t\t\t<\/div>\n\t\t\t\n\t\t<\/div>\n\t\t\t\t\t\t<\/div>\n\t\t\t\t<\/div>\n\t\t<div class=\"elementor-element elementor-element-ec26c06 e-con-full e-flex elementor-invisible e-con e-child\" data-id=\"ec26c06\" data-element_type=\"container\" data-settings=\"{&quot;background_background&quot;:&quot;classic&quot;,&quot;animation&quot;:&quot;fadeInUp&quot;,&quot;animation_delay&quot;:200}\">\n\t\t\t\t<div class=\"elementor-element elementor-element-8430878 elementor-view-default elementor-position-top elementor-mobile-position-top elementor-widget elementor-widget-icon-box\" data-id=\"8430878\" data-element_type=\"widget\" data-widget_type=\"icon-box.default\">\n\t\t\t\t\t\t\t<div class=\"elementor-icon-box-wrapper\">\n\n\t\t\t\t\t\t<div class=\"elementor-icon-box-icon\">\n\t\t\t\t<span  class=\"elementor-icon\">\n\t\t\t\t<svg xmlns=\"http:\/\/www.w3.org\/2000\/svg\" width=\"48\" height=\"48\" viewBox=\"0 0 48 48\" fill=\"none\"><rect x=\"0.5\" y=\"0.5\" width=\"47\" height=\"47\" rx=\"11.5\" stroke=\"#0F0F0F\" stroke-opacity=\"0.16\"><\/rect><path d=\"M31.1781 14.9731C29.2609 13.0559 26.7118 12 24.0004 12C21.2891 12 18.7399 13.0559 16.8227 14.9731C14.9055 16.8904 13.8496 19.4395 13.8496 22.1508C13.8496 27.6357 19.0358 32.1978 21.822 34.6487C22.2092 34.9893 22.5435 35.2835 22.8099 35.5323C23.1437 35.844 23.5721 36 24.0004 36C24.4288 36 24.8571 35.844 25.1909 35.5323C25.4572 35.2834 25.7916 34.9893 26.1788 34.6487C28.965 32.1978 34.1512 27.6357 34.1512 22.1508C34.1511 19.4395 33.0953 16.8904 31.1781 14.9731ZM25.2502 33.5932C24.8545 33.9412 24.5128 34.2419 24.2311 34.505C24.1017 34.6258 23.899 34.6258 23.7696 34.505C23.4879 34.2418 23.1462 33.9412 22.7505 33.5932C20.1311 31.289 15.2554 27 15.2554 22.1508C15.2554 17.3289 19.1783 13.4059 24.0003 13.4059C28.8223 13.4059 32.7452 17.3289 32.7452 22.1508C32.7452 27 27.8696 31.289 25.2502 33.5932Z\" fill=\"#0F0F0F\"><\/path><path d=\"M24.0007 17.2949C21.5341 17.2949 19.5273 19.3016 19.5273 21.7682C19.5273 24.2348 21.5341 26.2415 24.0007 26.2415C26.4673 26.2415 28.474 24.2348 28.474 21.7682C28.474 19.3016 26.4673 17.2949 24.0007 17.2949ZM24.0007 24.8356C22.3093 24.8356 20.9332 23.4595 20.9332 21.7682C20.9332 20.0768 22.3093 18.7008 24.0007 18.7008C25.6921 18.7008 27.0681 20.0768 27.0681 21.7682C27.0681 23.4595 25.6921 24.8356 24.0007 24.8356Z\" fill=\"#0F0F0F\"><\/path><\/svg>\t\t\t\t<\/span>\n\t\t\t<\/div>\n\t\t\t\n\t\t\t\t\t\t<div class=\"elementor-icon-box-content\">\n\n\t\t\t\t\t\t\t\t\t<h3 class=\"elementor-icon-box-title\">\n\t\t\t\t\t\t<span  >\n\t\t\t\t\t\t\tDirecci\u00f3n\t\t\t\t\t\t<\/span>\n\t\t\t\t\t<\/h3>\n\t\t\t\t\n\t\t\t\t\t\t\t\t\t<p class=\"elementor-icon-box-description\">\n\t\t\t\t\t\tCampo 4, Casa 13,Ex Hacienda de la Honda Miguel Auza, Zacatecas 98340\n\t\t\t\t\t<\/p>\n\t\t\t\t\n\t\t\t<\/div>\n\t\t\t\n\t\t<\/div>\n\t\t\t\t\t\t<\/div>\n\t\t\t\t<\/div>\n\t\t<div class=\"elementor-element elementor-element-5ebef4c e-con-full e-flex elementor-invisible e-con e-child\" data-id=\"5ebef4c\" data-element_type=\"container\" data-settings=\"{&quot;background_background&quot;:&quot;classic&quot;,&quot;animation&quot;:&quot;fadeInUp&quot;,&quot;animation_delay&quot;:200}\">\n\t\t\t\t<div class=\"elementor-element elementor-element-72b2809 elementor-view-default elementor-position-top elementor-mobile-position-top elementor-widget elementor-widget-icon-box\" data-id=\"72b2809\" data-element_type=\"widget\" data-widget_type=\"icon-box.default\">\n\t\t\t\t\t\t\t<div class=\"elementor-icon-box-wrapper\">\n\n\t\t\t\t\t\t<div class=\"elementor-icon-box-icon\">\n\t\t\t\t<span  class=\"elementor-icon\">\n\t\t\t\t<svg xmlns=\"http:\/\/www.w3.org\/2000\/svg\" width=\"48\" height=\"48\" viewBox=\"0 0 48 48\" fill=\"none\"><rect x=\"0.5\" y=\"0.5\" width=\"47\" height=\"47\" rx=\"11.5\" stroke=\"#0F0F0F\" stroke-opacity=\"0.16\"><\/rect><g clip-path=\"url(#clip0_1526_522)\"><path d=\"M30.9677 26.8676C30.4763 26.356 29.8837 26.0825 29.2556 26.0825C28.6326 26.0825 28.0348 26.3509 27.5232 26.8625L25.9226 28.4581C25.7909 28.3872 25.6592 28.3214 25.5326 28.2555C25.3502 28.1643 25.178 28.0782 25.0311 27.9871C23.5317 27.0348 22.1691 25.7937 20.8623 24.188C20.2291 23.3877 19.8036 22.714 19.4946 22.0302C19.91 21.6503 20.295 21.2552 20.6698 20.8753C20.8116 20.7334 20.9535 20.5866 21.0953 20.4447C22.159 19.381 22.159 18.0032 21.0953 16.9395L19.7124 15.5566C19.5554 15.3996 19.3933 15.2375 19.2414 15.0754C18.9374 14.7614 18.6183 14.4372 18.2891 14.1333C17.7977 13.647 17.2102 13.3887 16.5922 13.3887C15.9742 13.3887 15.3765 13.647 14.87 14.1333C14.8649 14.1383 14.8649 14.1383 14.8598 14.1434L13.1376 15.8808C12.4892 16.5292 12.1195 17.3194 12.0384 18.2362C11.9169 19.7153 12.3525 21.0931 12.6868 21.9947C13.5074 24.2083 14.7332 26.2598 16.5618 28.4581C18.7804 31.1073 21.4499 33.1993 24.4992 34.6733C25.6643 35.2255 27.2193 35.8789 28.9567 35.9903C29.0631 35.9954 29.1745 36.0005 29.2759 36.0005C30.446 36.0005 31.4286 35.58 32.1986 34.7442C32.2036 34.7341 32.2138 34.7291 32.2188 34.7189C32.4822 34.3998 32.7862 34.1111 33.1053 33.8021C33.3231 33.5944 33.546 33.3766 33.7638 33.1487C34.2652 32.6269 34.5286 32.0191 34.5286 31.396C34.5286 30.7679 34.2602 30.1652 33.7486 29.6586L30.9677 26.8676ZM32.7811 32.2014C32.776 32.2014 32.776 32.2065 32.7811 32.2014C32.5835 32.4142 32.3809 32.6067 32.1631 32.8194C31.8339 33.1335 31.4995 33.4627 31.1855 33.8325C30.6739 34.3795 30.0711 34.6379 29.2809 34.6379C29.2049 34.6379 29.1239 34.6379 29.0479 34.6328C27.5435 34.5366 26.1455 33.949 25.0969 33.4475C22.2299 32.0596 19.7124 30.0892 17.6205 27.592C15.8932 25.5101 14.7383 23.5852 13.9734 21.5186C13.5023 20.2573 13.3301 19.2746 13.4061 18.3477C13.4567 17.755 13.6847 17.2637 14.1051 16.8433L15.8324 15.116C16.0806 14.883 16.344 14.7563 16.6023 14.7563C16.9214 14.7563 17.1798 14.9488 17.3419 15.1109C17.3469 15.116 17.352 15.121 17.3571 15.1261C17.666 15.4148 17.9598 15.7137 18.2688 16.0328C18.4258 16.1949 18.5879 16.357 18.75 16.5241L20.1329 17.907C20.6698 18.4439 20.6698 18.9403 20.1329 19.4772C19.986 19.6241 19.8441 19.771 19.6973 19.9129C19.2718 20.3485 18.8665 20.7537 18.4258 21.1488C18.4157 21.1589 18.4056 21.164 18.4005 21.1741C17.9649 21.6098 18.0459 22.0352 18.1371 22.324C18.1422 22.3392 18.1473 22.3544 18.1523 22.3696C18.512 23.2408 19.0185 24.0614 19.7884 25.039L19.7935 25.0441C21.1915 26.7663 22.6656 28.1086 24.2915 29.1369C24.4992 29.2686 24.712 29.375 24.9146 29.4763C25.0969 29.5674 25.2692 29.6536 25.416 29.7447C25.4363 29.7549 25.4566 29.7701 25.4768 29.7802C25.6491 29.8663 25.8111 29.9068 25.9783 29.9068C26.3987 29.9068 26.6621 29.6434 26.7482 29.5573L28.4806 27.825C28.6528 27.6527 28.9263 27.4451 29.2455 27.4451C29.5595 27.4451 29.8178 27.6426 29.9749 27.8148C29.9799 27.8199 29.9799 27.8199 29.985 27.825L32.776 30.616C33.2978 31.1326 33.2978 31.6645 32.7811 32.2014Z\" fill=\"#0F0F0F\"><\/path><path d=\"M24.9691 17.7081C26.2963 17.931 27.5018 18.5591 28.4642 19.5215C29.4266 20.4839 30.0497 21.6895 30.2776 23.0166C30.3333 23.3509 30.6221 23.5839 30.9513 23.5839C30.9918 23.5839 31.0273 23.5789 31.0678 23.5738C31.4427 23.513 31.6909 23.1584 31.6301 22.7836C31.3565 21.1779 30.5967 19.714 29.4368 18.554C28.2768 17.3941 26.8129 16.6342 25.2072 16.3607C24.8324 16.2999 24.4828 16.5481 24.417 16.9179C24.3512 17.2877 24.5943 17.6473 24.9691 17.7081Z\" fill=\"#0F0F0F\"><\/path><path d=\"M35.9723 22.5869C35.5215 19.9428 34.2754 17.5367 32.3607 15.622C30.446 13.7073 28.04 12.4612 25.3958 12.0104C25.0261 11.9446 24.6766 12.1978 24.6107 12.5676C24.5499 12.9425 24.7981 13.292 25.173 13.3578C27.5334 13.758 29.6862 14.8774 31.3983 16.5844C33.1104 18.2965 34.2248 20.4493 34.6249 22.8098C34.6807 23.1441 34.9694 23.3771 35.2986 23.3771C35.3392 23.3771 35.3746 23.372 35.4151 23.367C35.7849 23.3113 36.0382 22.9567 35.9723 22.5869Z\" fill=\"#0F0F0F\"><\/path><\/g><defs><clipPath id=\"clip0_1526_522\"><rect width=\"24\" height=\"24\" fill=\"white\" transform=\"translate(12 12)\"><\/rect><\/clipPath><\/defs><\/svg>\t\t\t\t<\/span>\n\t\t\t<\/div>\n\t\t\t\n\t\t\t\t\t\t<div class=\"elementor-icon-box-content\">\n\n\t\t\t\t\t\t\t\t\t<h3 class=\"elementor-icon-box-title\">\n\t\t\t\t\t\t<span  >\n\t\t\t\t\t\t\tTel\u00e9fono\t\t\t\t\t\t<\/span>\n\t\t\t\t\t<\/h3>\n\t\t\t\t\n\t\t\t\t\t\t\t\t\t<p class=\"elementor-icon-box-description\">\n\t\t\t\t\t\t(492)94.9.13.25\t\t\t\t\t<\/p>\n\t\t\t\t\n\t\t\t<\/div>\n\t\t\t\n\t\t<\/div>\n\t\t\t\t\t\t<\/div>\n\t\t\t\t<\/div>\n\t\t\t\t<\/div>\n\t\t\t\t\t<\/div>\n\t\t\t\t<\/div>\n\t\t<div class=\"elementor-element elementor-element-6842e18 e-con-full e-flex e-con e-parent\" data-id=\"6842e18\" data-element_type=\"container\">\n\t\t\t\t<div class=\"elementor-element elementor-element-0e75ec8 elementor-widget elementor-widget-html\" data-id=\"0e75ec8\" data-element_type=\"widget\" data-widget_type=\"html.default\">\n\t\t\t\t\t<iframe src=\"https:\/\/www.google.com\/maps\/embed?pb=!1m14!1m8!1m3!1d3492.114687280932!2d-103.69608596187454!3d24.1036962565193!3m2!1i1024!2i768!4f13.1!3m3!1m2!1s0x869b2fc555555555%3A0xc68e526d24adb707!2sAgruza!5e1!3m2!1ses-419!2smx!4v1760069496303!5m2!1ses-419!2smx\" width=\"600\" height=\"450\" style=\"border:0;\" allowfullscreen=\"\" loading=\"lazy\" referrerpolicy=\"no-referrer-when-downgrade\"><\/iframe>\t\t\t\t<\/div>\n\t\t\t\t<\/div>\n\t\t\t\t<\/div>\n\t\t","protected":false},"excerpt":{"rendered":"<p>Cont\u00e1ctanos Correo Electr\u00f3nico info@agruza.com Direcci\u00f3n Campo 4, Casa 13,Ex Hacienda de la Honda Miguel Auza, Zacatecas 98340 Tel\u00e9fono (492)94.9.13.25<\/p>\n","protected":false},"author":1,"featured_media":0,"parent":0,"menu_order":0,"comment_status":"closed","ping_status":"closed","template":"elementor_header_footer","meta":{"_acf_changed":false,"footnotes":""},"class_list":["post-4310","page","type-page","status-publish","hentry"],"acf":[],"_links":{"self":[{"href":"https:\/\/agruza.com.mx\/index.php\/wp-json\/wp\/v2\/pages\/4310","targetHints":{"allow":["GET"]}}],"collection":[{"href":"https:\/\/agruza.com.mx\/index.php\/wp-json\/wp\/v2\/pages"}],"about":[{"href":"https:\/\/agruza.com.mx\/index.php\/wp-json\/wp\/v2\/types\/page"}],"author":[{"embeddable":true,"href":"https:\/\/agruza.com.mx\/index.php\/wp-json\/wp\/v2\/users\/1"}],"replies":[{"embeddable":true,"href":"https:\/\/agruza.com.mx\/index.php\/wp-json\/wp\/v2\/comments?post=4310"}],"version-history":[{"count":19,"href":"https:\/\/agruza.com.mx\/index.php\/wp-json\/wp\/v2\/pages\/4310\/revisions"}],"predecessor-version":[{"id":7492,"href":"https:\/\/agruza.com.mx\/index.php\/wp-json\/wp\/v2\/pages\/4310\/revisions\/7492"}],"wp:attachment":[{"href":"https:\/\/agruza.com.mx\/index.php\/wp-json\/wp\/v2\/media?parent=4310"}],"curies":[{"name":"wp","href":"https:\/\/api.w.org\/{rel}","templated":true}]}}