{"id":7472,"date":"2025-10-10T19:23:39","date_gmt":"2025-10-10T19:23:39","guid":{"rendered":"https:\/\/agruza.com.mx\/?page_id=7472"},"modified":"2025-10-10T19:35:26","modified_gmt":"2025-10-10T19:35:26","slug":"nosotros","status":"publish","type":"page","link":"https:\/\/agruza.com.mx\/index.php\/nosotros\/","title":{"rendered":"Nosotros"},"content":{"rendered":"\t\t<div data-elementor-type=\"wp-page\" data-elementor-id=\"7472\" class=\"elementor elementor-7472\">\n\t\t\t\t<div class=\"elementor-element elementor-element-96899f9 e-con-full e-flex e-con e-parent\" data-id=\"96899f9\" data-element_type=\"container\">\n\t\t<div class=\"elementor-element elementor-element-499ef7c e-con-full e-flex e-con e-child\" data-id=\"499ef7c\" data-element_type=\"container\">\n\t\t<div class=\"elementor-element elementor-element-e0a6684 e-con-full elementor-hidden-tablet elementor-hidden-mobile e-flex e-con e-child\" data-id=\"e0a6684\" data-element_type=\"container\">\n\t\t\t\t<div class=\"elementor-element elementor-element-78695d0 elementor-widget elementor-widget-wpr-heading\" data-id=\"78695d0\" data-element_type=\"widget\" data-settings=\"{&quot;tp_anima_type&quot;:&quot;fadeInUp&quot;}\" data-widget_type=\"wpr-heading.default\">\n\t\t\t\t<div class=\"elementor-widget-container\">\n\t\t\t\t\t\n\t\t\n\n\t\t\t<div class=\"wpr-el-section wpr-align-box section__header-v12 wow fadeInUp\" data-wow-duration=\"1.7s\" data-wow-delay=\"0.4s\">\n\t\t\t\t\t\t\t\t\t<span class=\"wpr-el-subtitle section__header-sub-title-v12\">Sobre Nosotros<\/span>\n\t\t\t\t\n\t\t\t\t\n\t\t\t\t\t\t\t<\/div>\n\n\t\t\t\t\t\t<\/div>\n\t\t\t\t<\/div>\n\t\t\t\t<div class=\"elementor-element elementor-element-7965ca4 elementor-hidden-tablet elementor-hidden-mobile elementor-widget elementor-widget-text-editor\" data-id=\"7965ca4\" data-element_type=\"widget\" data-widget_type=\"text-editor.default\">\n\t\t\t\t\t\t\t\t\t<div class=\"about-digital__shap d-none d-md-block\"><img decoding=\"async\" src=\"https:\/\/unikon.wprealizer.com\/wp-content\/uploads\/2024\/10\/hero-shap.png\" alt=\"img\" \/><\/div>\t\t\t\t\t\t\t\t<\/div>\n\t\t\t\t<\/div>\n\t\t<div class=\"elementor-element elementor-element-67d39be e-con-full e-flex e-con e-child\" data-id=\"67d39be\" data-element_type=\"container\">\n\t\t<div class=\"elementor-element elementor-element-0d4431f e-con-full e-flex e-con e-child\" data-id=\"0d4431f\" data-element_type=\"container\">\n\t\t<div class=\"elementor-element elementor-element-d94166d e-flex e-con-boxed e-con e-child\" data-id=\"d94166d\" data-element_type=\"container\">\n\t\t\t\t\t<div class=\"e-con-inner\">\n\t\t\t\t<div class=\"elementor-element elementor-element-bfd948c elementor-hidden-desktop elementor-widget elementor-widget-wpr-heading\" data-id=\"bfd948c\" data-element_type=\"widget\" data-widget_type=\"wpr-heading.default\">\n\t\t\t\t<div class=\"elementor-widget-container\">\n\t\t\t\t\t\n\t\t\n\n\t\t\t<div class=\"wpr-el-section wpr-align-box section__header-v12 \"  >\n\t\t\t\t\t\t\t\t\t<span class=\"wpr-el-subtitle section__header-sub-title-v12\">Sobre Nosotros<\/span>\n\t\t\t\t\n\t\t\t\t\n\t\t\t\t\t\t\t<\/div>\n\n\t\t\t\t\t\t<\/div>\n\t\t\t\t<\/div>\n\t\t\t\t<div class=\"elementor-element elementor-element-781b8ef elementor-widget__width-initial elementor-widget elementor-widget-wpr-heading\" data-id=\"781b8ef\" data-element_type=\"widget\" data-settings=\"{&quot;tp_anima_type&quot;:&quot;fadeInUp&quot;}\" data-widget_type=\"wpr-heading.default\">\n\t\t\t\t<div class=\"elementor-widget-container\">\n\t\t\t\t\t\n\t\t\n\n\t\t\t<div class=\"wpr-el-section wpr-align-box section-header wow fadeInUp\" data-wow-duration=\"1.7s\" data-wow-delay=\"0.4s\">\n\n\t\t\t\t\n\t\t\t\t<h2 class=\"h2 section__header-title-v11 wpr-el-title\">En Agruza, somos operadores especializados en el almacenamiento, mantenimiento y beneficio de granos, comprometidos con ofrecer un servicio de excelencia respaldado por tecnolog\u00eda, experiencia y un riguroso control de calidad.<\/h2>\n\t\t\t\t\n\t\t\t<\/div>\n\n\n\n\t\t\t\t<\/div>\n\t\t\t\t<\/div>\n\t\t\t\t\t<\/div>\n\t\t\t\t<\/div>\n\t\t<div class=\"elementor-element elementor-element-583c8d2 e-con-full e-flex e-con e-child\" data-id=\"583c8d2\" data-element_type=\"container\">\n\t\t<div class=\"elementor-element elementor-element-6054560 e-con-full e-flex e-con e-child\" data-id=\"6054560\" data-element_type=\"container\">\n\t\t\t\t<div class=\"elementor-element elementor-element-b05563c elementor-widget elementor-widget-wpr-heading\" data-id=\"b05563c\" data-element_type=\"widget\" data-settings=\"{&quot;tp_anima_type&quot;:&quot;fadeInUp&quot;}\" data-widget_type=\"wpr-heading.default\">\n\t\t\t\t<div class=\"elementor-widget-container\">\n\t\t\t\t\t\n\t\t\n\n\t\t\t<div class=\"wpr-el-section wpr-align-box section-header wow fadeInUp\" data-wow-duration=\"1.7s\" data-wow-delay=\"0.6s\">\n\n\t\t\t\t\n\t\t\t\t<h2 class=\"h2 section__header-title-v11 wpr-el-title\">Nuestra labor va m\u00e1s all\u00e1 del resguardo<\/h2>\n\t\t\t\t\t\t\t\t\t<p class=\"wpr-el-content \">Garantizamos condiciones \u00f3ptimas para conservar la integridad del producto, desde su recepci\u00f3n hasta su entrega final. Contamos con infraestructura de alto rendimiento, personal capacitado y procesos certificados que nos permiten atender tanto a productores locales como a clientes nacionales e internacionales.<\/p>\n\t\t\t\t\n\t\t\t<\/div>\n\n\n\n\t\t\t\t<\/div>\n\t\t\t\t<\/div>\n\t\t\t\t<\/div>\n\t\t<div class=\"elementor-element elementor-element-479ae37 e-con-full e-flex e-con e-child\" data-id=\"479ae37\" data-element_type=\"container\">\n\t\t\t\t<div class=\"elementor-element elementor-element-c4ebd49 elementor-widget elementor-widget-wpr-heading\" data-id=\"c4ebd49\" data-element_type=\"widget\" data-settings=\"{&quot;tp_anima_type&quot;:&quot;fadeInUp&quot;}\" data-widget_type=\"wpr-heading.default\">\n\t\t\t\t<div class=\"elementor-widget-container\">\n\t\t\t\t\t\n\t\t\n\n\t\t\t<div class=\"wpr-el-section wpr-align-box section-header wow fadeInUp\" data-wow-duration=\"1.7s\" data-wow-delay=\"0.7s\">\n\n\t\t\t\t\n\t\t\t\t<h2 class=\"h2 section__header-title-v11 wpr-el-title\">Nuestra historia est\u00e1 marcada por el compromiso con el campo mexicano<\/h2>\n\t\t\t\t\t\t\t\t\t<p class=\"wpr-el-content \">Conocemos a fondo las actividades productivas de nuestros clientes y dise\u00f1amos estrategias que responden a sus necesidades espec\u00edficas, minimizando riesgos y maximizando resultados.<\/p>\n\t\t\t\t\n\t\t\t<\/div>\n\n\n\n\t\t\t\t<\/div>\n\t\t\t\t<\/div>\n\t\t\t\t<\/div>\n\t\t\t\t<\/div>\n\t\t\t\t<\/div>\n\t\t\t\t<\/div>\n\t\t\t\t<\/div>\n\t\t\t\t<\/div>\n\t\t<div class=\"elementor-element elementor-element-88619b3 e-flex e-con-boxed e-con e-parent\" data-id=\"88619b3\" data-element_type=\"container\">\n\t\t\t\t\t<div class=\"e-con-inner\">\n\t\t\t\t<div class=\"elementor-element elementor-element-6b4d9b9 elementor-widget elementor-widget-wpr-heading\" data-id=\"6b4d9b9\" data-element_type=\"widget\" data-settings=\"{&quot;tp_anima_type&quot;:&quot;fadeInUp&quot;}\" data-widget_type=\"wpr-heading.default\">\n\t\t\t\t<div class=\"elementor-widget-container\">\n\t\t\t\t\t\n\t\t\n\n\t\t\t<div class=\"wpr-el-section wpr-align-box section-header wow fadeInUp\" data-wow-duration=\"1.5s\" data-wow-delay=\"0.3s\">\n\n\t\t\t\t\n\t\t\t\t<h2 class=\"h2 section__header-title-v11 wpr-el-title\">Nuestras Normativas<\/h2>\n\t\t\t\t\n\t\t\t<\/div>\n\n\n\n\t\t\t\t<\/div>\n\t\t\t\t<\/div>\n\t\t\t\t<div class=\"elementor-element elementor-element-29949ae elementor-widget elementor-widget-wpr-counter\" data-id=\"29949ae\" data-element_type=\"widget\" data-widget_type=\"wpr-counter.default\">\n\t\t\t\t<div class=\"elementor-widget-container\">\n\t\t\t\t\t\n  \n  <!-- Funfact start -->\n  <div class=\"funfact-v2 wpr_el-section\">\n    <div class=\"container\">\n      <div class=\"row\">\n                  <div class=\"col-sm-6 col-md-4 fade_up_anim\" data-delay=\"\">\n            <div class=\"funfact-mar__item\">\n              <h3 class=\"h3 countdown-info st-counter-number\"><span class=\"wpr-el-counter-prefix\">NOM-251-SSA1-2009<\/span><\/h3><p class=\"wpr-el-counter-title info\">Norma Oficial Mexicana<\/p>            <\/div>\n          <\/div>\n                  <div class=\"col-sm-6 col-md-4 fade_up_anim\" data-delay=\"\">\n            <div class=\"funfact-mar__item\">\n              <h3 class=\"h3 countdown-info st-counter-number\"><span class=\"wpr-el-counter-prefix\">NOM-127-SSA1-1994<\/span><\/h3><p class=\"wpr-el-counter-title info\">Norma Oficial Mexicana<\/p>            <\/div>\n          <\/div>\n                  <div class=\"col-sm-6 col-md-4 fade_up_anim\" data-delay=\"\">\n            <div class=\"funfact-mar__item\">\n              <h3 class=\"h3 countdown-info st-counter-number\"><span class=\"wpr-el-counter-prefix\">NMX-FF-038-SCFI-2016<\/span><\/h3><p class=\"wpr-el-counter-title info\">NMX<\/p>            <\/div>\n          <\/div>\n         \n      <\/div>\n    <\/div>\n  <\/div>\n\n    \n\t\t\t\t<\/div>\n\t\t\t\t<\/div>\n\t\t\t\t\t<\/div>\n\t\t\t\t<\/div>\n\t\t\t\t<\/div>\n\t\t","protected":false},"excerpt":{"rendered":"<p>Sobre Nosotros Sobre Nosotros En Agruza, somos operadores especializados en el almacenamiento, mantenimiento y beneficio de granos, comprometidos con ofrecer un servicio de excelencia respaldado por tecnolog\u00eda, experiencia y un riguroso control de calidad. Nuestra labor va m\u00e1s all\u00e1 del resguardo Garantizamos condiciones \u00f3ptimas para conservar la integridad del producto, desde su recepci\u00f3n hasta su [&hellip;]<\/p>\n","protected":false},"author":1,"featured_media":0,"parent":0,"menu_order":0,"comment_status":"closed","ping_status":"closed","template":"elementor_header_footer","meta":{"_acf_changed":false,"footnotes":""},"class_list":["post-7472","page","type-page","status-publish","hentry"],"acf":[],"_links":{"self":[{"href":"https:\/\/agruza.com.mx\/index.php\/wp-json\/wp\/v2\/pages\/7472","targetHints":{"allow":["GET"]}}],"collection":[{"href":"https:\/\/agruza.com.mx\/index.php\/wp-json\/wp\/v2\/pages"}],"about":[{"href":"https:\/\/agruza.com.mx\/index.php\/wp-json\/wp\/v2\/types\/page"}],"author":[{"embeddable":true,"href":"https:\/\/agruza.com.mx\/index.php\/wp-json\/wp\/v2\/users\/1"}],"replies":[{"embeddable":true,"href":"https:\/\/agruza.com.mx\/index.php\/wp-json\/wp\/v2\/comments?post=7472"}],"version-history":[{"count":10,"href":"https:\/\/agruza.com.mx\/index.php\/wp-json\/wp\/v2\/pages\/7472\/revisions"}],"predecessor-version":[{"id":7484,"href":"https:\/\/agruza.com.mx\/index.php\/wp-json\/wp\/v2\/pages\/7472\/revisions\/7484"}],"wp:attachment":[{"href":"https:\/\/agruza.com.mx\/index.php\/wp-json\/wp\/v2\/media?parent=7472"}],"curies":[{"name":"wp","href":"https:\/\/api.w.org\/{rel}","templated":true}]}}